{"id":22415,"date":"2022-08-22T13:10:00","date_gmt":"2022-08-22T11:10:00","guid":{"rendered":"http:\/\/pre-de-chez-nous.be\/blog\/"},"modified":"2022-08-22T13:10:00","modified_gmt":"2022-08-22T11:10:00","slug":"blog","status":"publish","type":"page","link":"https:\/\/pre-de-chez-nous.be\/de\/blog\/","title":{"rendered":"Blog"},"content":{"rendered":"\t\t<div data-elementor-type=\"wp-page\" data-elementor-id=\"22415\" class=\"elementor elementor-22415 elementor-20113\" data-elementor-post-type=\"page\">\n\t\t\t\t\t\t<section class=\"elementor-section elementor-top-section elementor-element elementor-element-e8b42bf elementor-section-stretched elementor-section-full_width elementor-section-height-default elementor-section-height-default\" data-id=\"e8b42bf\" data-element_type=\"section\" data-settings=\"{&quot;stretch_section&quot;:&quot;section-stretched&quot;,&quot;background_background&quot;:&quot;classic&quot;}\">\n\t\t\t\t\t\t<div class=\"elementor-container elementor-column-gap-no\">\n\t\t\t\t\t<div class=\"elementor-column elementor-col-100 elementor-top-column elementor-element elementor-element-8bef2bb\" data-id=\"8bef2bb\" data-element_type=\"column\">\n\t\t\t<div class=\"elementor-widget-wrap elementor-element-populated\">\n\t\t\t\t\t\t<div class=\"elementor-element elementor-element-b109d0f elementor-widget__width-auto elementor-absolute elementor-hidden-tablet elementor-hidden-phone scroll-motion-no elementor-widget elementor-widget-agrarium_image\" data-id=\"b109d0f\" data-element_type=\"widget\" data-settings=\"{&quot;_position&quot;:&quot;absolute&quot;}\" data-widget_type=\"agrarium_image.default\">\n\t\t\t\t<div class=\"elementor-widget-container\">\n\t\t\t        <div class=\"image-widget\">\n            <div class=\"image-container image-style-default\">\n                <img decoding=\"async\" class=\"main-image\" src=\"https:\/\/pre-de-chez-nous.be\/wp-content\/uploads\/2022\/08\/feuille-grey_Plan-de-travail-1.png\" alt=\"\" \/>\n                            <\/div>\n        <\/div>\n        \t\t<\/div>\n\t\t\t\t<\/div>\n\t\t\t\t<section class=\"elementor-section elementor-inner-section elementor-element elementor-element-eec9fce elementor-section-boxed elementor-section-height-default elementor-section-height-default\" data-id=\"eec9fce\" data-element_type=\"section\" data-settings=\"{&quot;background_background&quot;:&quot;classic&quot;}\">\n\t\t\t\t\t\t<div class=\"elementor-container elementor-column-gap-default\">\n\t\t\t\t\t<div class=\"elementor-column elementor-col-100 elementor-inner-column elementor-element elementor-element-e6d63a5\" data-id=\"e6d63a5\" data-element_type=\"column\">\n\t\t\t<div class=\"elementor-widget-wrap elementor-element-populated\">\n\t\t\t\t\t\t<div class=\"elementor-element elementor-element-538c5bc elementor-widget elementor-widget-agrarium_blog_listing\" data-id=\"538c5bc\" data-element_type=\"widget\" data-widget_type=\"agrarium_blog_listing.default\">\n\t\t\t\t<div class=\"elementor-widget-container\">\n\t\t\t\n        <div class=\"archive-listing\" data-ajax='{&quot;post_type&quot;:&quot;post&quot;,&quot;posts_per_page&quot;:9,&quot;orderby&quot;:&quot;date&quot;,&quot;order&quot;:&quot;desc&quot;,&quot;paged&quot;:1,&quot;category_name&quot;:&quot;news&quot;,&quot;tag&quot;:&quot;&quot;,&quot;post__in&quot;:&quot;&quot;,&quot;ignore_sticky_posts&quot;:false,&quot;link_base&quot;:&quot;https:\\\/\\\/pre-de-chez-nous.be\\\/de\\\/wp-json\\\/wp\\\/v2\\\/pages\\\/22415\\\/&quot;,&quot;show_pagination&quot;:&quot;yes&quot;}' data-widget='{&quot;excerpt_length&quot;:190,&quot;show_cat&quot;:&quot;&quot;,&quot;show_media&quot;:&quot;yes&quot;,&quot;show_author&quot;:&quot;&quot;,&quot;show_date&quot;:&quot;yes&quot;,&quot;show_title&quot;:&quot;yes&quot;,&quot;show_tags&quot;:&quot;no&quot;,&quot;show_excerpt&quot;:&quot;&quot;,&quot;show_read_more&quot;:&quot;&quot;,&quot;read_more_text&quot;:&quot;Read More&quot;,&quot;item_class&quot;:&quot;post grid-item grid-blog-item-wrapper&quot;,&quot;columns_number&quot;:3}'>\n            <div class=\"archive-listing-wrapper grid-listing columns-3\">\n                \n<div class=\"standard-blog-item-wrapper post grid-item grid-blog-item-wrapper post-22357 type-post status-publish format-standard has-post-thumbnail hentry category-news-de tag-development-de tag-post-type-de\">\n        <div class=\"blog-item media\">\n        <div class=\"post-media-wrapper\"><a href=\"https:\/\/pre-de-chez-nous.be\/de\/saveurs-metiers-23\/\"><picture><source media=\"(max-width: 575px)\" sizes=\"(max-width: 535px) 535px\" srcset=\"https:\/\/pre-de-chez-nous.be\/wp-content\/uploads\/2023\/05\/BG-saveursmetiers23-535x300.png 535w\"><source media=\"(max-width: 991px)\" sizes=\"(max-width: 951px) 951px\" srcset=\"https:\/\/pre-de-chez-nous.be\/wp-content\/uploads\/2023\/05\/BG-saveursmetiers23-440x374.png 951w\"><img decoding=\"async\" alt=\"BG-saveursmetiers23\" title=\"BG-saveursmetiers23\" src=\"https:\/\/pre-de-chez-nous.be\/wp-content\/uploads\/2023\/05\/BG-saveursmetiers23-600x470.png\" class=\"attachment-agrarium_post_grid_3_columns size-agrarium_post_grid_3_columns wp-post-image\" \/><\/picture><\/a><\/div><div class=\"post-meta-header\"><div class=\"post-meta-item post-meta-item-date\"><a href=\"https:\/\/pre-de-chez-nous.be\/de\/2023\/05\/02\/\">2 Mai 2023<\/a><\/div><\/div><h5 class=\"post-title\"><a href=\"https:\/\/pre-de-chez-nous.be\/de\/saveurs-metiers-23\/\">Pr\u00e9 de chez nous auf der Messe Saveurs &#038; M\u00e9tiers 2023<\/a><\/h5>    <\/div>\n<\/div>\n<div class=\"standard-blog-item-wrapper post grid-item grid-blog-item-wrapper post-22361 type-post status-publish format-standard has-post-thumbnail hentry category-news-de tag-development-de tag-post-type-de\">\n        <div class=\"blog-item media\">\n        <div class=\"post-media-wrapper\"><a href=\"https:\/\/pre-de-chez-nous.be\/de\/revue-de-presse\/\"><picture><source media=\"(max-width: 575px)\" sizes=\"(max-width: 535px) 535px\" srcset=\"https:\/\/pre-de-chez-nous.be\/wp-content\/uploads\/2022\/08\/Capture-de\u0301cran-2022-04-26-a\u0300-12.17.10-535x300.png 535w\"><source media=\"(max-width: 991px)\" sizes=\"(max-width: 951px) 951px\" srcset=\"https:\/\/pre-de-chez-nous.be\/wp-content\/uploads\/2022\/08\/Capture-de\u0301cran-2022-04-26-a\u0300-12.17.10-440x374.png 951w\"><img decoding=\"async\" alt=\"Capture d\u2019e\u0301cran 2022-04-26 a\u0300 12.17.10\" title=\"Capture d\u2019e\u0301cran 2022-04-26 a\u0300 12.17.10\" src=\"https:\/\/pre-de-chez-nous.be\/wp-content\/uploads\/2022\/08\/Capture-de\u0301cran-2022-04-26-a\u0300-12.17.10-600x470.png\" class=\"attachment-agrarium_post_grid_3_columns size-agrarium_post_grid_3_columns wp-post-image\" \/><\/picture><\/a><\/div><div class=\"post-meta-header\"><div class=\"post-meta-item post-meta-item-date\"><a href=\"https:\/\/pre-de-chez-nous.be\/de\/2022\/04\/27\/\">27 April 2022<\/a><\/div><\/div><h5 class=\"post-title\"><a href=\"https:\/\/pre-de-chez-nous.be\/de\/revue-de-presse\/\">PRESSESPIEGEL \u201ePR\u00c9 DE CHEZ NOUS\u201c<\/a><\/h5>    <\/div>\n<\/div>\n<div class=\"standard-blog-item-wrapper post grid-item grid-blog-item-wrapper post-22359 type-post status-publish format-standard has-post-thumbnail hentry category-news-de tag-development-de tag-post-type-de\">\n        <div class=\"blog-item media\">\n        <div class=\"post-media-wrapper\"><a href=\"https:\/\/pre-de-chez-nous.be\/de\/lavis-du-ministre-federal-de-lagriculture\/\"><picture><source media=\"(max-width: 575px)\" sizes=\"(max-width: 535px) 535px\" srcset=\"https:\/\/pre-de-chez-nous.be\/wp-content\/uploads\/2022\/08\/PRE-DE-CHEZ-NOUS-MINISTRE-CLARINVAL-WEB-28-535x300.jpg 535w\"><source media=\"(max-width: 991px)\" sizes=\"(max-width: 951px) 951px\" srcset=\"https:\/\/pre-de-chez-nous.be\/wp-content\/uploads\/2022\/08\/PRE-DE-CHEZ-NOUS-MINISTRE-CLARINVAL-WEB-28-440x374.jpg 951w\"><img decoding=\"async\" alt=\"PRE-DE-CHEZ-NOUS-MINISTRE-CLARINVAL-WEB-28\" title=\"PRE-DE-CHEZ-NOUS-MINISTRE-CLARINVAL-WEB-28\" src=\"https:\/\/pre-de-chez-nous.be\/wp-content\/uploads\/2022\/08\/PRE-DE-CHEZ-NOUS-MINISTRE-CLARINVAL-WEB-28-600x470.jpg\" class=\"attachment-agrarium_post_grid_3_columns size-agrarium_post_grid_3_columns wp-post-image\" \/><\/picture><\/a><\/div><div class=\"post-meta-header\"><div class=\"post-meta-item post-meta-item-date\"><a href=\"https:\/\/pre-de-chez-nous.be\/de\/2022\/04\/26\/\">26 April 2022<\/a><\/div><\/div><h5 class=\"post-title\"><a href=\"https:\/\/pre-de-chez-nous.be\/de\/lavis-du-ministre-federal-de-lagriculture\/\">PR\u00c9 DE CHEZ NOUS: STATEMENT DES F\u00d6DERALEN MINISTERS F\u00dcR LANDWIRTSCHAFT<\/a><\/h5>    <\/div>\n<\/div>\n<div class=\"standard-blog-item-wrapper post grid-item grid-blog-item-wrapper post-22363 type-post status-publish format-standard has-post-thumbnail hentry category-news-de tag-development-de tag-post-type-de\">\n        <div class=\"blog-item media\">\n        <div class=\"post-media-wrapper\"><a href=\"https:\/\/pre-de-chez-nous.be\/de\/lancement-de-notre-label-pre-de-chez-nous\/\"><picture><source media=\"(max-width: 575px)\" sizes=\"(max-width: 535px) 535px\" srcset=\"https:\/\/pre-de-chez-nous.be\/wp-content\/uploads\/2022\/08\/Capture-de\u0301cran-2022-04-26-a\u0300-12.16.06-535x300.png 535w\"><source media=\"(max-width: 991px)\" sizes=\"(max-width: 951px) 951px\" srcset=\"https:\/\/pre-de-chez-nous.be\/wp-content\/uploads\/2022\/08\/Capture-de\u0301cran-2022-04-26-a\u0300-12.16.06-440x374.png 951w\"><img decoding=\"async\" alt=\"Capture d\u2019e\u0301cran 2022-04-26 a\u0300 12.16.06\" title=\"Capture d\u2019e\u0301cran 2022-04-26 a\u0300 12.16.06\" src=\"https:\/\/pre-de-chez-nous.be\/wp-content\/uploads\/2022\/08\/Capture-de\u0301cran-2022-04-26-a\u0300-12.16.06-600x470.png\" class=\"attachment-agrarium_post_grid_3_columns size-agrarium_post_grid_3_columns wp-post-image\" \/><\/picture><\/a><\/div><div class=\"post-meta-header\"><div class=\"post-meta-item post-meta-item-date\"><a href=\"https:\/\/pre-de-chez-nous.be\/de\/2022\/04\/25\/\">25 April 2022<\/a><\/div><\/div><h5 class=\"post-title\"><a href=\"https:\/\/pre-de-chez-nous.be\/de\/lancement-de-notre-label-pre-de-chez-nous\/\">EINF\u00dcHRUNG UNSERES G\u00dcTESIEGELS \u201ePR\u00c9 DE CHEZ NOUS\u201c<\/a><\/h5>    <\/div>\n<\/div>            <\/div>\n\n                    <\/div>\n        \t\t<\/div>\n\t\t\t\t<\/div>\n\t\t\t\t\t<\/div>\n\t\t<\/div>\n\t\t\t\t\t<\/div>\n\t\t<\/section>\n\t\t\t\t\t<\/div>\n\t\t<\/div>\n\t\t\t\t\t<\/div>\n\t\t<\/section>\n\t\t\t\t<\/div>\n\t\t","protected":false},"excerpt":{"rendered":"","protected":false},"author":1,"featured_media":0,"parent":0,"menu_order":0,"comment_status":"closed","ping_status":"closed","template":"","meta":{"_exactmetrics_skip_tracking":false,"_exactmetrics_sitenote_active":false,"_exactmetrics_sitenote_note":"","_exactmetrics_sitenote_category":0,"footnotes":""},"class_list":["post-22415","page","type-page","status-publish","hentry"],"yoast_head":"<!-- This site is optimized with the Yoast SEO plugin v27.4 - https:\/\/yoast.com\/product\/yoast-seo-wordpress\/ -->\n<title>Blog - Pr\u00e9-de-chez-nous<\/title>\n<meta name=\"robots\" content=\"index, follow, max-snippet:-1, max-image-preview:large, max-video-preview:-1\" \/>\n<link rel=\"canonical\" href=\"https:\/\/pre-de-chez-nous.be\/blog\/\" \/>\n<meta property=\"og:locale\" content=\"de_DE\" \/>\n<meta property=\"og:type\" content=\"article\" \/>\n<meta property=\"og:title\" content=\"Blog - Pr\u00e9-de-chez-nous\" \/>\n<meta property=\"og:url\" content=\"https:\/\/pre-de-chez-nous.be\/blog\/\" \/>\n<meta property=\"og:site_name\" content=\"Pr\u00e9-de-chez-nous\" \/>\n<meta name=\"twitter:card\" content=\"summary_large_image\" \/>\n<meta name=\"twitter:label1\" content=\"Gesch\u00e4tzte Lesezeit\" \/>\n\t<meta name=\"twitter:data1\" content=\"2\u00a0Minuten\" \/>\n<script type=\"application\/ld+json\" class=\"yoast-schema-graph\">{\"@context\":\"https:\\\/\\\/schema.org\",\"@graph\":[{\"@type\":\"WebPage\",\"@id\":\"https:\\\/\\\/pre-de-chez-nous.be\\\/blog\\\/\",\"url\":\"https:\\\/\\\/pre-de-chez-nous.be\\\/blog\\\/\",\"name\":\"Blog - Pr\u00e9-de-chez-nous\",\"isPartOf\":{\"@id\":\"https:\\\/\\\/pre-de-chez-nous.be\\\/#website\"},\"datePublished\":\"2022-08-22T11:10:00+00:00\",\"breadcrumb\":{\"@id\":\"https:\\\/\\\/pre-de-chez-nous.be\\\/blog\\\/#breadcrumb\"},\"inLanguage\":\"de\",\"potentialAction\":[{\"@type\":\"ReadAction\",\"target\":[\"https:\\\/\\\/pre-de-chez-nous.be\\\/blog\\\/\"]}]},{\"@type\":\"BreadcrumbList\",\"@id\":\"https:\\\/\\\/pre-de-chez-nous.be\\\/blog\\\/#breadcrumb\",\"itemListElement\":[{\"@type\":\"ListItem\",\"position\":1,\"name\":\"Home\",\"item\":\"https:\\\/\\\/pre-de-chez-nous.be\\\/de\\\/\"},{\"@type\":\"ListItem\",\"position\":2,\"name\":\"Blog\"}]},{\"@type\":\"WebSite\",\"@id\":\"https:\\\/\\\/pre-de-chez-nous.be\\\/#website\",\"url\":\"https:\\\/\\\/pre-de-chez-nous.be\\\/\",\"name\":\"Pr\u00e9-de-chez-nous\",\"description\":\"Viande locale, durable et savoureuse\",\"potentialAction\":[{\"@type\":\"SearchAction\",\"target\":{\"@type\":\"EntryPoint\",\"urlTemplate\":\"https:\\\/\\\/pre-de-chez-nous.be\\\/?s={search_term_string}\"},\"query-input\":{\"@type\":\"PropertyValueSpecification\",\"valueRequired\":true,\"valueName\":\"search_term_string\"}}],\"inLanguage\":\"de\"}]}<\/script>\n<!-- \/ Yoast SEO plugin. -->","yoast_head_json":{"title":"Blog - Pr\u00e9-de-chez-nous","robots":{"index":"index","follow":"follow","max-snippet":"max-snippet:-1","max-image-preview":"max-image-preview:large","max-video-preview":"max-video-preview:-1"},"canonical":"https:\/\/pre-de-chez-nous.be\/blog\/","og_locale":"de_DE","og_type":"article","og_title":"Blog - Pr\u00e9-de-chez-nous","og_url":"https:\/\/pre-de-chez-nous.be\/blog\/","og_site_name":"Pr\u00e9-de-chez-nous","twitter_card":"summary_large_image","twitter_misc":{"Gesch\u00e4tzte Lesezeit":"2\u00a0Minuten"},"schema":{"@context":"https:\/\/schema.org","@graph":[{"@type":"WebPage","@id":"https:\/\/pre-de-chez-nous.be\/blog\/","url":"https:\/\/pre-de-chez-nous.be\/blog\/","name":"Blog - Pr\u00e9-de-chez-nous","isPartOf":{"@id":"https:\/\/pre-de-chez-nous.be\/#website"},"datePublished":"2022-08-22T11:10:00+00:00","breadcrumb":{"@id":"https:\/\/pre-de-chez-nous.be\/blog\/#breadcrumb"},"inLanguage":"de","potentialAction":[{"@type":"ReadAction","target":["https:\/\/pre-de-chez-nous.be\/blog\/"]}]},{"@type":"BreadcrumbList","@id":"https:\/\/pre-de-chez-nous.be\/blog\/#breadcrumb","itemListElement":[{"@type":"ListItem","position":1,"name":"Home","item":"https:\/\/pre-de-chez-nous.be\/de\/"},{"@type":"ListItem","position":2,"name":"Blog"}]},{"@type":"WebSite","@id":"https:\/\/pre-de-chez-nous.be\/#website","url":"https:\/\/pre-de-chez-nous.be\/","name":"Pr\u00e9-de-chez-nous","description":"Viande locale, durable et savoureuse","potentialAction":[{"@type":"SearchAction","target":{"@type":"EntryPoint","urlTemplate":"https:\/\/pre-de-chez-nous.be\/?s={search_term_string}"},"query-input":{"@type":"PropertyValueSpecification","valueRequired":true,"valueName":"search_term_string"}}],"inLanguage":"de"}]}},"_links":{"self":[{"href":"https:\/\/pre-de-chez-nous.be\/de\/wp-json\/wp\/v2\/pages\/22415","targetHints":{"allow":["GET"]}}],"collection":[{"href":"https:\/\/pre-de-chez-nous.be\/de\/wp-json\/wp\/v2\/pages"}],"about":[{"href":"https:\/\/pre-de-chez-nous.be\/de\/wp-json\/wp\/v2\/types\/page"}],"author":[{"embeddable":true,"href":"https:\/\/pre-de-chez-nous.be\/de\/wp-json\/wp\/v2\/users\/1"}],"replies":[{"embeddable":true,"href":"https:\/\/pre-de-chez-nous.be\/de\/wp-json\/wp\/v2\/comments?post=22415"}],"version-history":[{"count":0,"href":"https:\/\/pre-de-chez-nous.be\/de\/wp-json\/wp\/v2\/pages\/22415\/revisions"}],"wp:attachment":[{"href":"https:\/\/pre-de-chez-nous.be\/de\/wp-json\/wp\/v2\/media?parent=22415"}],"curies":[{"name":"wp","href":"https:\/\/api.w.org\/{rel}","templated":true}]}}